{"id":285,"date":"2024-10-19T09:44:30","date_gmt":"2024-10-19T09:44:30","guid":{"rendered":"https:\/\/radio.djena.tg\/live\/?post_type=product&#038;p=285"},"modified":"2024-10-19T09:44:31","modified_gmt":"2024-10-19T09:44:31","slug":"ferme-lacets-odah-shoes","status":"publish","type":"product","link":"https:\/\/radio.djena.tg\/live\/produit\/ferme-lacets-odah-shoes\/","title":{"rendered":"Ferme Lacets &#8211; Odah Shoes"},"content":{"rendered":"<p>Les chaussures ferm\u00e9es \u00e0 lacets sont un classique incontournable, offrant un excellent maintien du pied, un style souvent \u00e9l\u00e9gant et une grande polyvalence. Elles sont disponibles dans diff\u00e9rents mod\u00e8les, convenant \u00e0 divers contextes, du formel au d\u00e9contract\u00e9.<\/p>\n<p style=\"text-align: center;\"><strong>Pour Commander ce produit :<\/strong>\u00a0<strong><a href=\"https:\/\/wa.me\/22890138994\">CLIQUEZ ICI\u00a0<\/a><\/strong><\/p>\n","protected":false},"excerpt":{"rendered":"<p>Les chaussures ferm\u00e9es \u00e0 lacets sont un classique incontournable, offrant un excellent maintien du pied, un style souvent \u00e9l\u00e9gant et une grande polyvalence. Elles sont disponibles dans diff\u00e9rents mod\u00e8les, convenant \u00e0 divers contextes, du formel au d\u00e9contract\u00e9.<\/p>\n<p style=\"text-align: center;\"><strong>Pour Commander ce produit :<\/strong>\u00a0<strong><a href=\"https:\/\/wa.me\/22890138994\">CLIQUEZ ICI\u00a0<\/a><\/strong><\/p>\n","protected":false},"featured_media":280,"template":"","meta":{"site-sidebar-layout":"default","site-content-layout":"","ast-site-content-layout":"default","site-content-style":"default","site-sidebar-style":"default","ast-global-header-display":"","ast-banner-title-visibility":"","ast-main-header-display":"","ast-hfb-above-header-display":"","ast-hfb-below-header-display":"","ast-hfb-mobile-header-display":"","site-post-title":"","ast-breadcrumbs-content":"","ast-featured-img":"","footer-sml-layout":"","theme-transparent-header-meta":"default","adv-header-id-meta":"","stick-header-meta":"","header-above-stick-meta":"","header-main-stick-meta":"","header-below-stick-meta":"","astra-migrate-meta-layouts":"set","ast-page-background-enabled":"default","ast-page-background-meta":{"desktop":{"background-color":"var(--ast-global-color-4)","background-image":"","background-repeat":"repeat","background-position":"center center","background-size":"auto","background-attachment":"scroll","background-type":"","background-media":"","overlay-type":"","overlay-color":"","overlay-opacity":"","overlay-gradient":""},"tablet":{"background-color":"","background-image":"","background-repeat":"repeat","background-position":"center center","background-size":"auto","background-attachment":"scroll","background-type":"","background-media":"","overlay-type":"","overlay-color":"","overlay-opacity":"","overlay-gradient":""},"mobile":{"background-color":"","background-image":"","background-repeat":"repeat","background-position":"center center","background-size":"auto","background-attachment":"scroll","background-type":"","background-media":"","overlay-type":"","overlay-color":"","overlay-opacity":"","overlay-gradient":""}},"ast-content-background-meta":{"desktop":{"background-color":"var(--ast-global-color-5)","background-image":"","background-repeat":"repeat","background-position":"center center","background-size":"auto","background-attachment":"scroll","background-type":"","background-media":"","overlay-type":"","overlay-color":"","overlay-opacity":"","overlay-gradient":""},"tablet":{"background-color":"var(--ast-global-color-5)","background-image":"","background-repeat":"repeat","background-position":"center center","background-size":"auto","background-attachment":"scroll","background-type":"","background-media":"","overlay-type":"","overlay-color":"","overlay-opacity":"","overlay-gradient":""},"mobile":{"background-color":"var(--ast-global-color-5)","background-image":"","background-repeat":"repeat","background-position":"center center","background-size":"auto","background-attachment":"scroll","background-type":"","background-media":"","overlay-type":"","overlay-color":"","overlay-opacity":"","overlay-gradient":""}}},"product_cat":[19],"product_tag":[],"class_list":{"0":"post-285","1":"product","2":"type-product","3":"status-publish","4":"has-post-thumbnail","6":"product_cat-entrepreneur-shop","7":"desktop-align-left","8":"tablet-align-left","9":"mobile-align-left","11":"first","12":"instock","13":"sale","14":"shipping-taxable","15":"purchasable","16":"product-type-simple"},"jetpack_sharing_enabled":true,"_links":{"self":[{"href":"https:\/\/radio.djena.tg\/live\/wp-json\/wp\/v2\/product\/285","targetHints":{"allow":["GET"]}}],"collection":[{"href":"https:\/\/radio.djena.tg\/live\/wp-json\/wp\/v2\/product"}],"about":[{"href":"https:\/\/radio.djena.tg\/live\/wp-json\/wp\/v2\/types\/product"}],"wp:featuredmedia":[{"embeddable":true,"href":"https:\/\/radio.djena.tg\/live\/wp-json\/wp\/v2\/media\/280"}],"wp:attachment":[{"href":"https:\/\/radio.djena.tg\/live\/wp-json\/wp\/v2\/media?parent=285"}],"wp:term":[{"taxonomy":"product_cat","embeddable":true,"href":"https:\/\/radio.djena.tg\/live\/wp-json\/wp\/v2\/product_cat?post=285"},{"taxonomy":"product_tag","embeddable":true,"href":"https:\/\/radio.djena.tg\/live\/wp-json\/wp\/v2\/product_tag?post=285"}],"curies":[{"name":"wp","href":"https:\/\/api.w.org\/{rel}","templated":true}]}}